{"id":1433,"date":"2023-08-28T04:58:44","date_gmt":"2023-08-28T04:58:44","guid":{"rendered":"https:\/\/paraguaypathways.com\/entre-em-contato-conosco\/"},"modified":"2025-09-23T16:58:20","modified_gmt":"2025-09-23T16:58:20","slug":"entre-em-contato-conosco","status":"publish","type":"page","link":"https:\/\/paraguaypathways.com\/pt-br\/entre-em-contato-conosco\/","title":{"rendered":"Entre em contato conosco"},"content":{"rendered":"\t\t<div data-elementor-type=\"wp-page\" data-elementor-id=\"1433\" class=\"elementor elementor-1433 elementor-133\" data-elementor-post-type=\"page\">\n\t\t\t\t\t\t<section class=\"elementor-section elementor-top-section elementor-element elementor-element-72a68f06 elementor-section-boxed elementor-section-height-default elementor-section-height-default\" data-id=\"72a68f06\" data-element_type=\"section\" data-e-type=\"section\" data-settings=\"{&quot;background_background&quot;:&quot;classic&quot;}\">\n\t\t\t\t\t\t\t<div class=\"elementor-background-overlay\"><\/div>\n\t\t\t\t\t\t\t<div class=\"elementor-container elementor-column-gap-default\">\n\t\t\t\t\t<div class=\"elementor-column elementor-col-50 elementor-top-column elementor-element elementor-element-68640f2a\" data-id=\"68640f2a\" data-element_type=\"column\" data-e-type=\"column\">\n\t\t\t<div class=\"elementor-widget-wrap elementor-element-populated\">\n\t\t\t\t\t\t<div class=\"elementor-element elementor-element-20da36ad elementor-icon-list--layout-inline elementor-list-item-link-full_width elementor-widget elementor-widget-icon-list\" data-id=\"20da36ad\" data-element_type=\"widget\" data-e-type=\"widget\" data-widget_type=\"icon-list.default\">\n\t\t\t\t<div class=\"elementor-widget-container\">\n\t\t\t\t\t\t\t<ul class=\"elementor-icon-list-items elementor-inline-items\">\n\t\t\t\t\t\t\t<li class=\"elementor-icon-list-item elementor-inline-item\">\n\t\t\t\t\t\t\t\t\t\t\t<a href=\"#\">\n\n\t\t\t\t\t\t\t\t\t\t\t<span class=\"elementor-icon-list-text\">P\u00e1gina inicial<\/span>\n\t\t\t\t\t\t\t\t\t\t\t<\/a>\n\t\t\t\t\t\t\t\t\t<\/li>\n\t\t\t\t\t\t\t\t<li class=\"elementor-icon-list-item elementor-inline-item\">\n\t\t\t\t\t\t\t\t\t\t\t<a href=\"#\">\n\n\t\t\t\t\t\t\t\t\t\t\t\t<span class=\"elementor-icon-list-icon\">\n\t\t\t\t\t\t\t<i aria-hidden=\"true\" class=\"fas fa-caret-right\"><\/i>\t\t\t\t\t\t<\/span>\n\t\t\t\t\t\t\t\t\t\t<span class=\"elementor-icon-list-text\">Entre em contato conosco<\/span>\n\t\t\t\t\t\t\t\t\t\t\t<\/a>\n\t\t\t\t\t\t\t\t\t<\/li>\n\t\t\t\t\t\t<\/ul>\n\t\t\t\t\t\t<\/div>\n\t\t\t\t<\/div>\n\t\t\t\t<div class=\"elementor-element elementor-element-3353d88d elementor-widget elementor-widget-heading\" data-id=\"3353d88d\" data-element_type=\"widget\" data-e-type=\"widget\" data-widget_type=\"heading.default\">\n\t\t\t\t<div class=\"elementor-widget-container\">\n\t\t\t\t\t<h1 class=\"elementor-heading-title elementor-size-default\">Entre em contato conosco<\/h1>\t\t\t\t<\/div>\n\t\t\t\t<\/div>\n\t\t\t\t<div class=\"elementor-element elementor-element-6c124152 elementor-widget elementor-widget-text-editor\" data-id=\"6c124152\" data-element_type=\"widget\" data-e-type=\"widget\" data-widget_type=\"text-editor.default\">\n\t\t\t\t<div class=\"elementor-widget-container\">\n\t\t\t\t\t\t\t\t\t<p>Sinta-se \u00e0 vontade para entrar em contato para explicar sua situa\u00e7\u00e3o e como voc\u00ea gostaria de ser apoiado em sua nova aventura no Paraguai.<\/p>\t\t\t\t\t\t\t\t<\/div>\n\t\t\t\t<\/div>\n\t\t\t\t\t<\/div>\n\t\t<\/div>\n\t\t\t\t<div class=\"elementor-column elementor-col-50 elementor-top-column elementor-element elementor-element-228c1132 elementor-hidden-tablet elementor-hidden-mobile\" data-id=\"228c1132\" data-element_type=\"column\" data-e-type=\"column\">\n\t\t\t<div class=\"elementor-widget-wrap\">\n\t\t\t\t\t\t\t<\/div>\n\t\t<\/div>\n\t\t\t\t\t<\/div>\n\t\t<\/section>\n\t\t\t\t<section class=\"elementor-section elementor-top-section elementor-element elementor-element-0ff1cde elementor-section-boxed elementor-section-height-default elementor-section-height-default\" data-id=\"0ff1cde\" data-element_type=\"section\" data-e-type=\"section\">\n\t\t\t\t\t\t<div class=\"elementor-container elementor-column-gap-no\">\n\t\t\t\t\t<div class=\"elementor-column elementor-col-100 elementor-top-column elementor-element elementor-element-3578041\" data-id=\"3578041\" data-element_type=\"column\" data-e-type=\"column\">\n\t\t\t<div class=\"elementor-widget-wrap elementor-element-populated\">\n\t\t\t\t\t\t<section class=\"elementor-section elementor-inner-section elementor-element elementor-element-441a3ca elementor-section-full_width elementor-section-height-default elementor-section-height-default\" data-id=\"441a3ca\" data-element_type=\"section\" data-e-type=\"section\">\n\t\t\t\t\t\t<div class=\"elementor-container elementor-column-gap-extended\">\n\t\t\t\t\t<div class=\"elementor-column elementor-col-33 elementor-inner-column elementor-element elementor-element-8c9ed6d\" data-id=\"8c9ed6d\" data-element_type=\"column\" data-e-type=\"column\" data-settings=\"{&quot;animation&quot;:&quot;none&quot;}\">\n\t\t\t<div class=\"elementor-widget-wrap elementor-element-populated\">\n\t\t\t\t\t\t<div class=\"elementor-element elementor-element-d377e63 elementor-view-default elementor-position-block-start elementor-mobile-position-block-start elementor-widget elementor-widget-icon-box\" data-id=\"d377e63\" data-element_type=\"widget\" data-e-type=\"widget\" data-settings=\"{&quot;_animation&quot;:&quot;none&quot;}\" data-widget_type=\"icon-box.default\">\n\t\t\t\t<div class=\"elementor-widget-container\">\n\t\t\t\t\t\t\t<div class=\"elementor-icon-box-wrapper\">\n\n\t\t\t\t\t\t<div class=\"elementor-icon-box-icon\">\n\t\t\t\t<a href=\"mailto:requests@paraguaypathways.com\" class=\"elementor-icon\" tabindex=\"-1\" aria-label=\"E-mail\">\n\t\t\t\t<i aria-hidden=\"true\" class=\"far fa-envelope\"><\/i>\t\t\t\t<\/a>\n\t\t\t<\/div>\n\t\t\t\n\t\t\t\t\t\t<div class=\"elementor-icon-box-content\">\n\n\t\t\t\t\t\t\t\t\t<h3 class=\"elementor-icon-box-title\">\n\t\t\t\t\t\t<a href=\"mailto:requests@paraguaypathways.com\" >\n\t\t\t\t\t\t\tE-mail\t\t\t\t\t\t<\/a>\n\t\t\t\t\t<\/h3>\n\t\t\t\t\n\t\t\t\t\t\t\t\t\t<p class=\"elementor-icon-box-description\">\n\t\t\t\t\t\trequests@paraguaypathways.com \t\t\t\t\t<\/p>\n\t\t\t\t\n\t\t\t<\/div>\n\t\t\t\n\t\t<\/div>\n\t\t\t\t\t\t<\/div>\n\t\t\t\t<\/div>\n\t\t\t\t\t<\/div>\n\t\t<\/div>\n\t\t\t\t<div class=\"elementor-column elementor-col-33 elementor-inner-column elementor-element elementor-element-d7a92b1\" data-id=\"d7a92b1\" data-element_type=\"column\" data-e-type=\"column\" data-settings=\"{&quot;animation&quot;:&quot;none&quot;,&quot;animation_delay&quot;:200}\">\n\t\t\t<div class=\"elementor-widget-wrap elementor-element-populated\">\n\t\t\t\t\t\t<div class=\"elementor-element elementor-element-b80e297 elementor-view-default elementor-position-block-start elementor-mobile-position-block-start elementor-widget elementor-widget-icon-box\" data-id=\"b80e297\" data-element_type=\"widget\" data-e-type=\"widget\" data-settings=\"{&quot;_animation&quot;:&quot;none&quot;}\" data-widget_type=\"icon-box.default\">\n\t\t\t\t<div class=\"elementor-widget-container\">\n\t\t\t\t\t\t\t<div class=\"elementor-icon-box-wrapper\">\n\n\t\t\t\t\t\t<div class=\"elementor-icon-box-icon\">\n\t\t\t\t<a href=\"https:\/\/wa.me\/595982803344\" class=\"elementor-icon\" tabindex=\"-1\" aria-label=\"WhatsApp\">\n\t\t\t\t<i aria-hidden=\"true\" class=\"fab fa-whatsapp\"><\/i>\t\t\t\t<\/a>\n\t\t\t<\/div>\n\t\t\t\n\t\t\t\t\t\t<div class=\"elementor-icon-box-content\">\n\n\t\t\t\t\t\t\t\t\t<h3 class=\"elementor-icon-box-title\">\n\t\t\t\t\t\t<a href=\"https:\/\/wa.me\/595982803344\" >\n\t\t\t\t\t\t\tWhatsApp\t\t\t\t\t\t<\/a>\n\t\t\t\t\t<\/h3>\n\t\t\t\t\n\t\t\t\t\t\t\t\t\t<p class=\"elementor-icon-box-description\">\n\t\t\t\t\t\t+595 982 803 344 (ou clique no \u00edcone)\t\t\t\t\t<\/p>\n\t\t\t\t\n\t\t\t<\/div>\n\t\t\t\n\t\t<\/div>\n\t\t\t\t\t\t<\/div>\n\t\t\t\t<\/div>\n\t\t\t\t\t<\/div>\n\t\t<\/div>\n\t\t\t\t<div class=\"elementor-column elementor-col-33 elementor-inner-column elementor-element elementor-element-bbd407a\" data-id=\"bbd407a\" data-element_type=\"column\" data-e-type=\"column\" data-settings=\"{&quot;animation&quot;:&quot;none&quot;,&quot;animation_delay&quot;:400}\">\n\t\t\t<div class=\"elementor-widget-wrap elementor-element-populated\">\n\t\t\t\t\t\t<div class=\"elementor-element elementor-element-b8a8ff7 elementor-view-default elementor-position-block-start elementor-mobile-position-block-start elementor-widget elementor-widget-icon-box\" data-id=\"b8a8ff7\" data-element_type=\"widget\" data-e-type=\"widget\" data-settings=\"{&quot;_animation&quot;:&quot;none&quot;}\" data-widget_type=\"icon-box.default\">\n\t\t\t\t<div class=\"elementor-widget-container\">\n\t\t\t\t\t\t\t<div class=\"elementor-icon-box-wrapper\">\n\n\t\t\t\t\t\t<div class=\"elementor-icon-box-icon\">\n\t\t\t\t<span  class=\"elementor-icon\">\n\t\t\t\t<i aria-hidden=\"true\" class=\"far fa-building\"><\/i>\t\t\t\t<\/span>\n\t\t\t<\/div>\n\t\t\t\n\t\t\t\t\t\t<div class=\"elementor-icon-box-content\">\n\n\t\t\t\t\t\t\t\t\t<h3 class=\"elementor-icon-box-title\">\n\t\t\t\t\t\t<span  >\n\t\t\t\t\t\t\tEscrit\u00f3rio principal\t\t\t\t\t\t<\/span>\n\t\t\t\t\t<\/h3>\n\t\t\t\t\n\t\t\t\t\t\t\t\t\t<p class=\"elementor-icon-box-description\">\n\t\t\t\t\t\tWorld Trade Center, Torre 3, Andar 15\nAviadores Del Chaco 2050, Assun\u00e7\u00e3o\t\t\t\t\t<\/p>\n\t\t\t\t\n\t\t\t<\/div>\n\t\t\t\n\t\t<\/div>\n\t\t\t\t\t\t<\/div>\n\t\t\t\t<\/div>\n\t\t\t\t\t<\/div>\n\t\t<\/div>\n\t\t\t\t\t<\/div>\n\t\t<\/section>\n\t\t\t\t\t<\/div>\n\t\t<\/div>\n\t\t\t\t\t<\/div>\n\t\t<\/section>\n\t\t\t\t<section class=\"elementor-section elementor-top-section elementor-element elementor-element-2c40d2f4 elementor-reverse-tablet elementor-reverse-mobile elementor-section-boxed elementor-section-height-default elementor-section-height-default\" data-id=\"2c40d2f4\" data-element_type=\"section\" data-e-type=\"section\">\n\t\t\t\t\t\t<div class=\"elementor-container elementor-column-gap-default\">\n\t\t\t\t\t<div class=\"elementor-column elementor-col-100 elementor-top-column elementor-element elementor-element-4df78de0\" data-id=\"4df78de0\" data-element_type=\"column\" data-e-type=\"column\">\n\t\t\t<div class=\"elementor-widget-wrap elementor-element-populated\">\n\t\t\t\t\t\t<div class=\"elementor-element elementor-element-55292fd9 elementor-widget elementor-widget-google_maps\" data-id=\"55292fd9\" data-element_type=\"widget\" data-e-type=\"widget\" data-widget_type=\"google_maps.default\">\n\t\t\t\t<div class=\"elementor-widget-container\">\n\t\t\t\t\t\t\t<div class=\"elementor-custom-embed\">\n\t\t\t<iframe loading=\"lazy\"\n\t\t\t\t\tsrc=\"https:\/\/maps.google.com\/maps?q=paraguay%20pathways&#038;t=m&#038;z=10&#038;output=embed&#038;iwloc=near\"\n\t\t\t\t\ttitle=\"paraguay pathways\"\n\t\t\t\t\taria-label=\"paraguay pathways\"\n\t\t\t><\/iframe>\n\t\t<\/div>\n\t\t\t\t\t\t<\/div>\n\t\t\t\t<\/div>\n\t\t\t\t\t<\/div>\n\t\t<\/div>\n\t\t\t\t\t<\/div>\n\t\t<\/section>\n\t\t\t\t<\/div>\n\t\t","protected":false},"excerpt":{"rendered":"<p>P\u00e1gina inicial Entre em contato conosco Entre em contato conosco Sinta-se \u00e0 vontade para entrar em contato para explicar sua situa\u00e7\u00e3o e como voc\u00ea gostaria de ser apoiado em sua nova aventura no Paraguai. E-mail &#8230; <a title=\"Entre em contato conosco\" class=\"read-more\" href=\"https:\/\/paraguaypathways.com\/pt-br\/entre-em-contato-conosco\/\" aria-label=\"Read more about Entre em contato conosco\">Leia mais<\/a><\/p>\n","protected":false},"author":1,"featured_media":0,"parent":0,"menu_order":0,"comment_status":"closed","ping_status":"closed","template":"","meta":{"footnotes":""},"class_list":["post-1433","page","type-page","status-publish"],"yoast_head":"<!-- This site is optimized with the Yoast SEO Premium plugin v27.4 (Yoast SEO v27.4) - https:\/\/yoast.com\/product\/yoast-seo-premium-wordpress\/ -->\n<title>Entre em contato conosco - Paraguay Pathways<\/title>\n<meta name=\"robots\" content=\"index, follow, max-snippet:-1, max-image-preview:large, max-video-preview:-1\" \/>\n<link rel=\"canonical\" href=\"https:\/\/paraguaypathways.com\/pt-br\/entre-em-contato-conosco\/\" \/>\n<meta property=\"og:locale\" content=\"pt_BR\" \/>\n<meta property=\"og:type\" content=\"article\" \/>\n<meta property=\"og:title\" content=\"Entre em contato conosco\" \/>\n<meta property=\"og:description\" content=\"P\u00e1gina inicial Entre em contato conosco Entre em contato conosco Sinta-se \u00e0 vontade para entrar em contato para explicar sua situa\u00e7\u00e3o e como voc\u00ea gostaria de ser apoiado em sua nova aventura no Paraguai. E-mail ... Leia mais\" \/>\n<meta property=\"og:url\" content=\"https:\/\/paraguaypathways.com\/pt-br\/entre-em-contato-conosco\/\" \/>\n<meta property=\"og:site_name\" content=\"Paraguay Pathways\" \/>\n<meta property=\"article:publisher\" content=\"https:\/\/www.facebook.com\/socialowlshq\" \/>\n<meta property=\"article:modified_time\" content=\"2025-09-23T16:58:20+00:00\" \/>\n<meta name=\"twitter:card\" content=\"summary_large_image\" \/>\n<meta name=\"twitter:site\" content=\"@PYPathways\" \/>\n<script type=\"application\/ld+json\" class=\"yoast-schema-graph\">{\"@context\":\"https:\\\/\\\/schema.org\",\"@graph\":[{\"@type\":\"WebPage\",\"@id\":\"https:\\\/\\\/paraguaypathways.com\\\/pt-br\\\/entre-em-contato-conosco\\\/\",\"url\":\"https:\\\/\\\/paraguaypathways.com\\\/pt-br\\\/entre-em-contato-conosco\\\/\",\"name\":\"Entre em contato conosco - Paraguay Pathways\",\"isPartOf\":{\"@id\":\"https:\\\/\\\/paraguaypathways.com\\\/pt-br\\\/#website\"},\"datePublished\":\"2023-08-28T04:58:44+00:00\",\"dateModified\":\"2025-09-23T16:58:20+00:00\",\"breadcrumb\":{\"@id\":\"https:\\\/\\\/paraguaypathways.com\\\/pt-br\\\/entre-em-contato-conosco\\\/#breadcrumb\"},\"inLanguage\":\"pt-BR\",\"potentialAction\":[{\"@type\":\"ReadAction\",\"target\":[\"https:\\\/\\\/paraguaypathways.com\\\/pt-br\\\/entre-em-contato-conosco\\\/\"]}]},{\"@type\":\"BreadcrumbList\",\"@id\":\"https:\\\/\\\/paraguaypathways.com\\\/pt-br\\\/entre-em-contato-conosco\\\/#breadcrumb\",\"itemListElement\":[{\"@type\":\"ListItem\",\"position\":1,\"name\":\"Home\",\"item\":\"https:\\\/\\\/paraguaypathways.com\\\/pt-br\\\/\"},{\"@type\":\"ListItem\",\"position\":2,\"name\":\"Entre em contato conosco\"}]},{\"@type\":\"WebSite\",\"@id\":\"https:\\\/\\\/paraguaypathways.com\\\/pt-br\\\/#website\",\"url\":\"https:\\\/\\\/paraguaypathways.com\\\/pt-br\\\/\",\"name\":\"Paraguay Pathways\",\"description\":\"\",\"publisher\":{\"@id\":\"https:\\\/\\\/paraguaypathways.com\\\/pt-br\\\/#organization\"},\"potentialAction\":[{\"@type\":\"SearchAction\",\"target\":{\"@type\":\"EntryPoint\",\"urlTemplate\":\"https:\\\/\\\/paraguaypathways.com\\\/pt-br\\\/?s={search_term_string}\"},\"query-input\":{\"@type\":\"PropertyValueSpecification\",\"valueRequired\":true,\"valueName\":\"search_term_string\"}}],\"inLanguage\":\"pt-BR\"},{\"@type\":\"Organization\",\"@id\":\"https:\\\/\\\/paraguaypathways.com\\\/pt-br\\\/#organization\",\"name\":\"Paraguay Pathways\",\"alternateName\":\"612228046\",\"url\":\"https:\\\/\\\/paraguaypathways.com\\\/pt-br\\\/\",\"logo\":{\"@type\":\"ImageObject\",\"inLanguage\":\"pt-BR\",\"@id\":\"https:\\\/\\\/paraguaypathways.com\\\/pt-br\\\/#\\\/schema\\\/logo\\\/image\\\/\",\"url\":\"https:\\\/\\\/paraguaypathways.com\\\/wp-content\\\/uploads\\\/2023\\\/08\\\/cropped-Logo-Paraguay-Pathways.webp\",\"contentUrl\":\"https:\\\/\\\/paraguaypathways.com\\\/wp-content\\\/uploads\\\/2023\\\/08\\\/cropped-Logo-Paraguay-Pathways.webp\",\"width\":600,\"height\":132,\"caption\":\"Paraguay Pathways\"},\"image\":{\"@id\":\"https:\\\/\\\/paraguaypathways.com\\\/pt-br\\\/#\\\/schema\\\/logo\\\/image\\\/\"},\"sameAs\":[\"https:\\\/\\\/www.facebook.com\\\/socialowlshq\",\"https:\\\/\\\/x.com\\\/PYPathways\",\"https:\\\/\\\/www.youtube.com\\\/@ParaguayPathwaysOfficial\",\"https:\\\/\\\/www.linkedin.com\\\/company\\\/paraguay-pathways-tax-residency\\\/\",\"https:\\\/\\\/www.instagram.com\\\/paraguaypathways_official\\\/\"],\"description\":\"Paraguay Pathways is the leading immigration agency in Paraguay, helping foreigners from all over the world to achieve their residency, tax residency and full compliance in Paraguay. We provide full assistance in Italian, English, Spanish, Portuguese, French and Russian, helping our clients from the initial planning and all the way to post-sales services like accounting and proof of address.\",\"email\":\"requests@paraguaypathways.com\",\"telephone\":\"+595982803344\",\"legalName\":\"Paraguay Pathways\",\"foundingDate\":\"2021-10-12\",\"vatID\":\"9076709-8\",\"numberOfEmployees\":{\"@type\":\"QuantitativeValue\",\"minValue\":\"11\",\"maxValue\":\"50\"},\"ownershipFundingInfo\":\"https:\\\/\\\/paraguaypathways.com\\\/about-us\\\/\"}]}<\/script>\n<!-- \/ Yoast SEO Premium plugin. -->","yoast_head_json":{"title":"Entre em contato conosco - Paraguay Pathways","robots":{"index":"index","follow":"follow","max-snippet":"max-snippet:-1","max-image-preview":"max-image-preview:large","max-video-preview":"max-video-preview:-1"},"canonical":"https:\/\/paraguaypathways.com\/pt-br\/entre-em-contato-conosco\/","og_locale":"pt_BR","og_type":"article","og_title":"Entre em contato conosco","og_description":"P\u00e1gina inicial Entre em contato conosco Entre em contato conosco Sinta-se \u00e0 vontade para entrar em contato para explicar sua situa\u00e7\u00e3o e como voc\u00ea gostaria de ser apoiado em sua nova aventura no Paraguai. E-mail ... Leia mais","og_url":"https:\/\/paraguaypathways.com\/pt-br\/entre-em-contato-conosco\/","og_site_name":"Paraguay Pathways","article_publisher":"https:\/\/www.facebook.com\/socialowlshq","article_modified_time":"2025-09-23T16:58:20+00:00","twitter_card":"summary_large_image","twitter_site":"@PYPathways","schema":{"@context":"https:\/\/schema.org","@graph":[{"@type":"WebPage","@id":"https:\/\/paraguaypathways.com\/pt-br\/entre-em-contato-conosco\/","url":"https:\/\/paraguaypathways.com\/pt-br\/entre-em-contato-conosco\/","name":"Entre em contato conosco - Paraguay Pathways","isPartOf":{"@id":"https:\/\/paraguaypathways.com\/pt-br\/#website"},"datePublished":"2023-08-28T04:58:44+00:00","dateModified":"2025-09-23T16:58:20+00:00","breadcrumb":{"@id":"https:\/\/paraguaypathways.com\/pt-br\/entre-em-contato-conosco\/#breadcrumb"},"inLanguage":"pt-BR","potentialAction":[{"@type":"ReadAction","target":["https:\/\/paraguaypathways.com\/pt-br\/entre-em-contato-conosco\/"]}]},{"@type":"BreadcrumbList","@id":"https:\/\/paraguaypathways.com\/pt-br\/entre-em-contato-conosco\/#breadcrumb","itemListElement":[{"@type":"ListItem","position":1,"name":"Home","item":"https:\/\/paraguaypathways.com\/pt-br\/"},{"@type":"ListItem","position":2,"name":"Entre em contato conosco"}]},{"@type":"WebSite","@id":"https:\/\/paraguaypathways.com\/pt-br\/#website","url":"https:\/\/paraguaypathways.com\/pt-br\/","name":"Paraguay Pathways","description":"","publisher":{"@id":"https:\/\/paraguaypathways.com\/pt-br\/#organization"},"potentialAction":[{"@type":"SearchAction","target":{"@type":"EntryPoint","urlTemplate":"https:\/\/paraguaypathways.com\/pt-br\/?s={search_term_string}"},"query-input":{"@type":"PropertyValueSpecification","valueRequired":true,"valueName":"search_term_string"}}],"inLanguage":"pt-BR"},{"@type":"Organization","@id":"https:\/\/paraguaypathways.com\/pt-br\/#organization","name":"Paraguay Pathways","alternateName":"612228046","url":"https:\/\/paraguaypathways.com\/pt-br\/","logo":{"@type":"ImageObject","inLanguage":"pt-BR","@id":"https:\/\/paraguaypathways.com\/pt-br\/#\/schema\/logo\/image\/","url":"https:\/\/paraguaypathways.com\/wp-content\/uploads\/2023\/08\/cropped-Logo-Paraguay-Pathways.webp","contentUrl":"https:\/\/paraguaypathways.com\/wp-content\/uploads\/2023\/08\/cropped-Logo-Paraguay-Pathways.webp","width":600,"height":132,"caption":"Paraguay Pathways"},"image":{"@id":"https:\/\/paraguaypathways.com\/pt-br\/#\/schema\/logo\/image\/"},"sameAs":["https:\/\/www.facebook.com\/socialowlshq","https:\/\/x.com\/PYPathways","https:\/\/www.youtube.com\/@ParaguayPathwaysOfficial","https:\/\/www.linkedin.com\/company\/paraguay-pathways-tax-residency\/","https:\/\/www.instagram.com\/paraguaypathways_official\/"],"description":"Paraguay Pathways is the leading immigration agency in Paraguay, helping foreigners from all over the world to achieve their residency, tax residency and full compliance in Paraguay. We provide full assistance in Italian, English, Spanish, Portuguese, French and Russian, helping our clients from the initial planning and all the way to post-sales services like accounting and proof of address.","email":"requests@paraguaypathways.com","telephone":"+595982803344","legalName":"Paraguay Pathways","foundingDate":"2021-10-12","vatID":"9076709-8","numberOfEmployees":{"@type":"QuantitativeValue","minValue":"11","maxValue":"50"},"ownershipFundingInfo":"https:\/\/paraguaypathways.com\/about-us\/"}]}},"_links":{"self":[{"href":"https:\/\/paraguaypathways.com\/pt-br\/wp-json\/wp\/v2\/pages\/1433","targetHints":{"allow":["GET"]}}],"collection":[{"href":"https:\/\/paraguaypathways.com\/pt-br\/wp-json\/wp\/v2\/pages"}],"about":[{"href":"https:\/\/paraguaypathways.com\/pt-br\/wp-json\/wp\/v2\/types\/page"}],"author":[{"embeddable":true,"href":"https:\/\/paraguaypathways.com\/pt-br\/wp-json\/wp\/v2\/users\/1"}],"replies":[{"embeddable":true,"href":"https:\/\/paraguaypathways.com\/pt-br\/wp-json\/wp\/v2\/comments?post=1433"}],"version-history":[{"count":3,"href":"https:\/\/paraguaypathways.com\/pt-br\/wp-json\/wp\/v2\/pages\/1433\/revisions"}],"predecessor-version":[{"id":2081,"href":"https:\/\/paraguaypathways.com\/pt-br\/wp-json\/wp\/v2\/pages\/1433\/revisions\/2081"}],"wp:attachment":[{"href":"https:\/\/paraguaypathways.com\/pt-br\/wp-json\/wp\/v2\/media?parent=1433"}],"curies":[{"name":"wp","href":"https:\/\/api.w.org\/{rel}","templated":true}]}}